{"id":33,"date":"2025-11-10T10:50:59","date_gmt":"2025-11-10T10:50:59","guid":{"rendered":"https:\/\/nhatlonginc.com\/quatang\/?page_id=33"},"modified":"2025-11-12T02:44:16","modified_gmt":"2025-11-12T02:44:16","slug":"lien-he","status":"publish","type":"page","link":"https:\/\/nhatlonginc.com\/quatang\/index.php\/lien-he\/","title":{"rendered":"Li\u00ean H\u1ec7"},"content":{"rendered":"\t<section class=\"section\" id=\"section_122538790\">\n\t\t<div class=\"bg section-bg fill bg-fill  bg-loaded\" >\n\n\t\t\t\n\t\t\t\n\t\t\t\n\n\t\t<\/div>\n\n\t\t\n\n\t\t<div class=\"section-content relative\">\n\t\t\t\n<div class=\"row\"  id=\"row-67064258\">\n\n\t<div id=\"col-1500414295\" class=\"col medium-6 small-12 large-6\"  >\n\t\t\t\t<div class=\"col-inner\" style=\"background-color:rgb(255, 255, 255);\" >\n\t\t\t\n\t\t\t\n<h1>\u0110\u00f4ng S\u01a1n Qu\u00e0 T\u1eb7ng<\/p>\n<\/h1>\n<p>Trong nh\u1eefng n\u0103m qua, ch\u00fang t\u00f4i \u0111\u00e3 x\u00e2y d\u1ef1ng m\u1ed1i quan h\u1ec7 t\u1ed1t \u0111\u1eb9p v\u1edbi nhi\u1ec1u \u0111\u1ed1i t\u00e1c, kh\u00e1ch h\u00e0ng c\u00f3 uy t\u00edn trong v\u00e0 ngo\u00e0i n\u01b0\u1edbc, qua \u0111\u00f3 ch\u00fang t\u00f4i lu\u00f4n c\u1ea3i thi\u1ec7n chu\u1ed7i gi\u00e1 tr\u1ecb cung \u1ee9ng c\u1ee7a m\u00ecnh \u0111\u1ebfn v\u1edbi kh\u00e1ch h\u00e0ng. M\u1ed7i s\u1ea3n ph\u1ea9m \u0111\u1ec1u \u0111\u01b0\u1ee3c qu\u1ea3n tr\u1ecb ch\u1ea5t l\u01b0\u1ee3ng (QC) m\u1ed9t c\u00e1ch k\u1ef9 l\u01b0\u1ee1ng tr\u01b0\u1edbc khi \u0111\u01b0\u1ee3c chuy\u1ec3n giao. H\u1ec7 th\u1ed1ng gi\u1ea3i ph\u00e1p v\u00e0 \u0111\u1ed9i ng\u0169 nh\u00e2n s\u1ef1 lu\u00f4n ph\u00e1t tri\u1ec3n v\u00e0 kh\u00f4ng ng\u1eebng ho\u00e0n thi\u1ec7n \u0111\u1ec3 t\u1ea1o ra nh\u1eefng s\u1ea3n ph\u1ea9m \u2013 d\u1ecbch v\u1ee5 ch\u1ea5t l\u01b0\u1ee3ng.<\/p>\n<p><strong>\u0110\u1ecba Ch\u1ec9:<\/strong> 105\/7\/19 \u0110\u01b0\u1eddng TL37, Ph\u01b0\u1eddng Th\u1ea1nh L\u1ed9c, Qu\u1eadn 12, TP.HCM-<br \/><strong>S\u1ed1 \u0110i\u1ec7n Tho\u1ea1i:<\/strong> 0364 741 540<br \/><strong>Email:<\/strong> Giftsphuongdong@gmail.com<\/p>\n\t\t<\/div>\n\t\t\t\t\n<style>\n#col-1500414295 > .col-inner {\n  padding: 20px 20px 20px 20px;\n  border-radius: 8px;\n}\n<\/style>\n\t<\/div>\n\n\t\n\n\t<div id=\"col-1603593485\" class=\"col medium-6 small-12 large-6\"  >\n\t\t\t\t<div class=\"col-inner\" style=\"background-color:rgb(255, 255, 255);\" >\n\t\t\t\n\t\t\t\n<h3>G\u1eedi Y\u00eau c\u1ea7u cho ch\u00fang t\u00f4i<\/h3>\n\n<div class=\"wpcf7 no-js\" id=\"wpcf7-f7-o1\" lang=\"vi\" dir=\"ltr\" data-wpcf7-id=\"7\">\n<div class=\"screen-reader-response\"><p role=\"status\" aria-live=\"polite\" aria-atomic=\"true\"><\/p> <ul><\/ul><\/div>\n<form action=\"\/quatang\/index.php\/wp-json\/wp\/v2\/pages\/33#wpcf7-f7-o1\" method=\"post\" class=\"wpcf7-form init\" aria-label=\"Form li\u00ean h\u1ec7\" novalidate=\"novalidate\" data-status=\"init\">\n<fieldset class=\"hidden-fields-container\"><input type=\"hidden\" name=\"_wpcf7\" value=\"7\" \/><input type=\"hidden\" name=\"_wpcf7_version\" value=\"6.1.3\" \/><input type=\"hidden\" name=\"_wpcf7_locale\" value=\"vi\" \/><input type=\"hidden\" name=\"_wpcf7_unit_tag\" value=\"wpcf7-f7-o1\" \/><input type=\"hidden\" name=\"_wpcf7_container_post\" value=\"0\" \/><input type=\"hidden\" name=\"_wpcf7_posted_data_hash\" value=\"\" \/>\n<\/fieldset>\n<p><label> H\u1ecc T\u00caN<br \/>\n<span class=\"wpcf7-form-control-wrap\" data-name=\"your-name\"><input size=\"40\" maxlength=\"400\" class=\"wpcf7-form-control wpcf7-text wpcf7-validates-as-required\" autocomplete=\"name\" aria-required=\"true\" aria-invalid=\"false\" value=\"\" type=\"text\" name=\"your-name\" \/><\/span> <\/label>\n<\/p>\n<p><label> EMAIL<br \/>\n<span class=\"wpcf7-form-control-wrap\" data-name=\"your-email\"><input size=\"40\" maxlength=\"400\" class=\"wpcf7-form-control wpcf7-email wpcf7-validates-as-required wpcf7-text wpcf7-validates-as-email\" autocomplete=\"email\" aria-required=\"true\" aria-invalid=\"false\" value=\"\" type=\"email\" name=\"your-email\" \/><\/span> <\/label>\n<\/p>\n<p><label> TI\u00caU \u0110\u1ec0<br \/>\n<span class=\"wpcf7-form-control-wrap\" data-name=\"your-subject\"><input size=\"40\" maxlength=\"400\" class=\"wpcf7-form-control wpcf7-text wpcf7-validates-as-required\" aria-required=\"true\" aria-invalid=\"false\" value=\"\" type=\"text\" name=\"your-subject\" \/><\/span> <\/label>\n<\/p>\n<p><label> N\u1ed8I DUNG<br \/>\n<span class=\"wpcf7-form-control-wrap\" data-name=\"your-message\"><textarea cols=\"40\" rows=\"10\" maxlength=\"2000\" class=\"wpcf7-form-control wpcf7-textarea\" aria-invalid=\"false\" name=\"your-message\"><\/textarea><\/span> <\/label>\n<\/p>\n<p><input class=\"wpcf7-form-control wpcf7-submit has-spinner\" type=\"submit\" value=\"G\u1eecI\" \/>\n<\/p><div class=\"wpcf7-response-output\" aria-hidden=\"true\"><\/div>\n<\/form>\n<\/div>\n\n\t\t<\/div>\n\t\t\t\t\n<style>\n#col-1603593485 > .col-inner {\n  padding: 10px 10px 10px 10px;\n  border-radius: 10px;\n}\n<\/style>\n\t<\/div>\n\n\t\n<\/div>\n\t\t<\/div>\n\n\t\t\n<style>\n#section_122538790 {\n  padding-top: 30px;\n  padding-bottom: 30px;\n  background-color: rgb(233, 233, 233);\n}\n<\/style>\n\t<\/section>\n\t\n","protected":false},"excerpt":{"rendered":"","protected":false},"author":1,"featured_media":0,"parent":0,"menu_order":0,"comment_status":"closed","ping_status":"closed","template":"","meta":{"footnotes":""},"class_list":["post-33","page","type-page","status-publish","hentry"],"_links":{"self":[{"href":"https:\/\/nhatlonginc.com\/quatang\/index.php\/wp-json\/wp\/v2\/pages\/33","targetHints":{"allow":["GET"]}}],"collection":[{"href":"https:\/\/nhatlonginc.com\/quatang\/index.php\/wp-json\/wp\/v2\/pages"}],"about":[{"href":"https:\/\/nhatlonginc.com\/quatang\/index.php\/wp-json\/wp\/v2\/types\/page"}],"author":[{"embeddable":true,"href":"https:\/\/nhatlonginc.com\/quatang\/index.php\/wp-json\/wp\/v2\/users\/1"}],"replies":[{"embeddable":true,"href":"https:\/\/nhatlonginc.com\/quatang\/index.php\/wp-json\/wp\/v2\/comments?post=33"}],"version-history":[{"count":4,"href":"https:\/\/nhatlonginc.com\/quatang\/index.php\/wp-json\/wp\/v2\/pages\/33\/revisions"}],"predecessor-version":[{"id":219,"href":"https:\/\/nhatlonginc.com\/quatang\/index.php\/wp-json\/wp\/v2\/pages\/33\/revisions\/219"}],"wp:attachment":[{"href":"https:\/\/nhatlonginc.com\/quatang\/index.php\/wp-json\/wp\/v2\/media?parent=33"}],"curies":[{"name":"wp","href":"https:\/\/api.w.org\/{rel}","templated":true}]}}