{"id":184,"date":"2025-11-12T02:04:35","date_gmt":"2025-11-12T02:04:35","guid":{"rendered":"https:\/\/nhatlonginc.com\/quatang\/?post_type=product&#038;p=184"},"modified":"2025-11-12T03:12:45","modified_gmt":"2025-11-12T03:12:45","slug":"usb-vo-da","status":"publish","type":"product","link":"https:\/\/nhatlonginc.com\/quatang\/index.php\/product\/usb-vo-da\/","title":{"rendered":"USB v\u1ecf da"},"content":{"rendered":"<p><strong>USB v\u1ecf da\u00a0<\/strong>l\u00e0 m\u1ed9t trong nh\u1eefng qu\u00e0 t\u1eb7ng c\u00f4ng ngh\u1ec7\u00a0gi\u00e1 r\u1ebb \u0111\u01b0\u1ee3c d\u00f9ng l\u00e0m qu\u00e0 t\u1eb7ng cho d\u00e2n v\u0103n ph\u00f2ng.\u00a0<strong>Usb qu\u00e0 t\u1eb7ng<\/strong>\u00a0v\u1ecf da v\u1edbi\u00a0chip Samsung nh\u1eadp kh\u1ea9u \u0111\u01b0\u1ee3c b\u1ea3o h\u00e0nh 2 n\u0103m, dung l\u01b0\u1ee3ng t\u00f9y ch\u1ecdn 2GB, 4GB, 8GB, 16GB, 32GB.\u00a0<strong>Qu\u00e0 t\u1eb7ng usb<\/strong>\u00a0\u0111\u01b0\u1ee3c s\u1eed d\u1ee5ng ph\u1ed5 bi\u1ebfn trong c\u00e1c d\u1ecbp tri \u00e2n kh\u00e1ch h\u00e0ng, h\u1ed9i ngh\u1ecb v\u00e0 s\u1ef1 ki\u1ec7n.<\/p>\n<p><strong>\u0110\u1eb7c \u0111i\u1ec3m n\u1ed5i b\u1eadt<\/strong><br \/>\n\u2013 B\u1ec1 m\u1eb7t da: C\u00e1c b\u1ec1 m\u1eb7t da ho\u1eb7c kim lo\u1ea1i trong s\u1ea3n ph\u1ea9m th\u1ec3 hi\u1ec7n \u0111\u01b0\u1ee3c m\u1ed9t c\u00e1ch tinh t\u1ebf v\u00e0 \u0111a d\u1ea1ng, gi\u00fap cho vi\u1ec7c truy\u1ec3n t\u1ea3i th\u00f4ng \u0111i\u1ec7p \u0111\u01b0\u1ee3c d\u1ec5 d\u00e0ng \u1edf nhi\u1ec1u g\u00f3c c\u1ea1nh.<br \/>\n\u2013 In\/kh\u1eafc\/d\u1eadp: Ch\u1ea5t li\u1ec7u da m\u1ec1m, ph\u1eb3ng t\u1ea1o ra nhi\u1ec1u l\u1ef1a ch\u1ecdn (in\/kh\u1eafc\/d\u1eadp) trong vi\u1ec7c customize m\u1ed9t m\u00f3n qu\u00e0 t\u1eb7ng doanh nghi\u1ec7p, qua \u0111\u00f3 c\u00f9ng m\u1ed9t concept v\u1ec1 th\u01b0\u01a1ng hi\u1ec7u s\u1ebd c\u00f3 nhi\u1ec1u g\u00f3c nh\u00ecn v\u00e0 nhi\u1ec1u thi\u1ebft k\u1ebf t\u1ed1i \u01b0u.<br \/>\n\u2013 Ki\u1ec3u d\u00e1ng: Nh\u1ecf g\u1ecdn, th\u1eddi trang c\u00f3 th\u1ec3 t\u00edch h\u1ee3p \u0111\u1ec3 tr\u1edf th\u00e0nh c\u00e1c ph\u1ee5 ki\u1ec7n g\u1ea7n g\u0169i trong \u0111\u1eddi s\u1ed1ng, t\u0103ng \u0111\u1ed9 b\u1ec1n, t\u0103ng \u0111\u1ed9 nh\u1eadn bi\u1ebft v\u00e0 t\u0103ng m\u1ee9c \u0111\u1ed9 truy\u1ec1n t\u1ea3i th\u00f4ng \u0111i\u1ec7p, th\u01b0\u01a1ng hi\u1ec7u.<\/p>\n<p><strong>Usb v\u1ecf da in logo l\u00e0m qu\u00e0 t\u1eb7ng<\/strong><br \/>\n\u2013 Tinh t\u1ebf, th\u1eddi trang, sang tr\u1ecdng, c\u1ed5 \u0111i\u1ec3n v\u00e0 g\u1ea7n g\u0169i l\u00e0 nh\u1eefng \u01b0u \u0111i\u1ec3m l\u1edbn c\u1ee7a d\u00f2ng qu\u00e0 t\u1eb7ng<strong>\u00a0USB da \u2013 v\u1ecf da<\/strong>. V\u1edbi m\u1ed7i s\u1ea3n ph\u1ea9m, th\u00f4ng \u0111i\u1ec7p v\u00e0 th\u01b0\u01a1ng hi\u1ec7u c\u00f3 th\u1ec3 \u0111\u01b0\u1ee3c t\u00f9y bi\u1ebfn nhi\u1ec1u c\u00e1ch th\u00f4ng qua in \u1ea5n nhi\u1ec1u m\u00e0u, kh\u1eafc laser h\u1ecda ti\u1ebft v\u00e0 d\u1eadp ch\u00ecm\/n\u1ed5i logo. S\u1ef1 ti\u1ec7n l\u1ee3i v\u00e0 g\u1ea7n g\u0169i v\u1edbi c\u00e1c s\u1ea3n ph\u1ea9m kh\u00e1c trong \u0111\u1eddi s\u1ed1ng, cho ph\u00e9p c\u00e1c s\u1ea3n ph\u1ea9m usb da mang m\u1ed9t c\u00e1 t\u00ednh r\u1ea5t ri\u00eang, qua \u0111\u00f3 t\u1ea1o s\u1ef1 th\u00e2n thi\u1ec7n v\u00e0 chi\u1ebfm \u0111\u01b0\u1ee3c nhi\u1ec1u t\u00ecnh c\u1ea3m c\u1ee7a ng\u01b0\u1eddi s\u1eed d\u1ee5ng.<\/p>\n","protected":false},"excerpt":{"rendered":"<p>USB v\u1ecf da\u00a0l\u00e0 m\u1ed9t trong nh\u1eefng qu\u00e0 t\u1eb7ng c\u00f4ng ngh\u1ec7\u00a0gi\u00e1 r\u1ebb \u0111\u01b0\u1ee3c d\u00f9ng l\u00e0m qu\u00e0 t\u1eb7ng cho d\u00e2n v\u0103n ph\u00f2ng.\u00a0Usb qu\u00e0 t\u1eb7ng\u00a0v\u1ecf da v\u1edbi\u00a0chip Samsung nh\u1eadp kh\u1ea9u \u0111\u01b0\u1ee3c b\u1ea3o h\u00e0nh 2 n\u0103m, dung l\u01b0\u1ee3ng t\u00f9y ch\u1ecdn 2GB, 4GB, 8GB, 16GB, 32GB.\u00a0Qu\u00e0 t\u1eb7ng usb\u00a0\u0111\u01b0\u1ee3c s\u1eed d\u1ee5ng ph\u1ed5 bi\u1ebfn trong c\u00e1c d\u1ecbp tri \u00e2n kh\u00e1ch h\u00e0ng, h\u1ed9i<\/p>\n","protected":false},"featured_media":185,"comment_status":"open","ping_status":"closed","template":"","meta":[],"product_brand":[],"product_cat":[19],"product_tag":[],"class_list":{"0":"post-184","1":"product","2":"type-product","3":"status-publish","4":"has-post-thumbnail","6":"product_cat-usb-qua-tang","8":"first","9":"instock","10":"featured","11":"shipping-taxable","12":"product-type-simple"},"_links":{"self":[{"href":"https:\/\/nhatlonginc.com\/quatang\/index.php\/wp-json\/wp\/v2\/product\/184","targetHints":{"allow":["GET"]}}],"collection":[{"href":"https:\/\/nhatlonginc.com\/quatang\/index.php\/wp-json\/wp\/v2\/product"}],"about":[{"href":"https:\/\/nhatlonginc.com\/quatang\/index.php\/wp-json\/wp\/v2\/types\/product"}],"replies":[{"embeddable":true,"href":"https:\/\/nhatlonginc.com\/quatang\/index.php\/wp-json\/wp\/v2\/comments?post=184"}],"wp:featuredmedia":[{"embeddable":true,"href":"https:\/\/nhatlonginc.com\/quatang\/index.php\/wp-json\/wp\/v2\/media\/185"}],"wp:attachment":[{"href":"https:\/\/nhatlonginc.com\/quatang\/index.php\/wp-json\/wp\/v2\/media?parent=184"}],"wp:term":[{"taxonomy":"product_brand","embeddable":true,"href":"https:\/\/nhatlonginc.com\/quatang\/index.php\/wp-json\/wp\/v2\/product_brand?post=184"},{"taxonomy":"product_cat","embeddable":true,"href":"https:\/\/nhatlonginc.com\/quatang\/index.php\/wp-json\/wp\/v2\/product_cat?post=184"},{"taxonomy":"product_tag","embeddable":true,"href":"https:\/\/nhatlonginc.com\/quatang\/index.php\/wp-json\/wp\/v2\/product_tag?post=184"}],"curies":[{"name":"wp","href":"https:\/\/api.w.org\/{rel}","templated":true}]}}