{"id":195,"date":"2025-11-12T02:21:04","date_gmt":"2025-11-12T02:21:04","guid":{"rendered":"https:\/\/nhatlonginc.com\/quatang\/?post_type=product&#038;p=195"},"modified":"2025-11-12T03:05:04","modified_gmt":"2025-11-12T03:05:04","slug":"usb-go-ugv-007","status":"publish","type":"product","link":"https:\/\/nhatlonginc.com\/quatang\/index.php\/product\/usb-go-ugv-007\/","title":{"rendered":"Usb g\u1ed7 \u2013 UGV 007"},"content":{"rendered":"<p><strong>USB g\u1ed7<\/strong>\u00a0l\u00e0 s\u1ef1 t\u1ed5ng h\u1ee3p gi\u00e1 tr\u1ecb truy\u1ec1n th\u1ed1ng v\u00e0 c\u00f4ng ngh\u1ec7 hi\u1ec7n \u0111\u1ea1i mang \u00fd ngh\u0129a th\u00e2n thi\u1ec7n v\u1edbi m\u00f4i tr\u01b0\u1eddng. V\u1ecf tre, g\u1ed7 th\u00e2n thi\u1ec7n v\u1edbi m\u00f4i tr\u01b0\u1eddng c\u00f3 kh\u1ea3 n\u0103ng t\u00e1i ch\u1ebf cao v\u1edbi nhi\u1ec1u ki\u1ec3u d\u00e1ng k\u00edch c\u1ee1 kh\u00e1ch nhau, da d\u1ea1ng phong c\u00e1ch.\u00a0<strong>V\u1ecf USB g\u1ed7<\/strong>\u00a0\u0111\u01b0\u1ee3c x\u1eed l\u00fd b\u1eb1ng c\u00f4ng ngh\u1ec7 gia c\u00f4ng hi\u1ec7n \u0111\u1ea1i cho b\u1ec1 m\u1eb7t m\u1ecbn, b\u00f3ng c\u00f3 nhi\u1ec1u m\u00e0u s\u1eafc \u0111\u1ec3 b\u1ea1n l\u1ef1a ch\u1ecdn. B\u1ed9 nh\u1edb flash \u1ed5n \u0111\u1ecbnh s\u1eb5n s\u00e0ng \u0111\u1ec3 l\u01b0u tr\u1eef an to\u00e0n cho b\u00e0i thuy\u1ebft tr\u00ecnh, d\u1eef li\u1ec7u kinh doanh ho\u1eb7c b\u1ea5t c\u1ee9 th\u00f4ng tin n\u00e0o b\u1ea1n mu\u1ed1n mang theo.<\/p>\n<h3><strong>GI\u1ea2I PH\u00c1P D\u00c0NH CHO B\u1ea0N \u2013 NH\u1eeeNG NG\u01af\u1edcI HAY PH\u1ea2I SAO CH\u00c9P D\u1eee LI\u1ec6U<\/strong><\/h3>\n<ul>\n<li>B\u1ea1n \u0111ang c\u1ea7n m\u1ed9t chi\u1ebfc usb \u0111\u1eb9p, nh\u1ecf g\u1ecdn, ng\u1ed9 ngh\u0129nh nh\u01b0ng v\u1eabn sang tr\u1ecdng \u0111\u1ec3 sao ch\u00e9p d\u1eef li\u1ec7u c\u1ee7a m\u00ecnh<\/li>\n<li>\n<div>B\u1ea1n \u0111ang mu\u1ed1n s\u1edf h\u1eefu nh\u01b0ng chi\u1ebfc usb th\u00e2n thi\u1ec7n, c\u00f3 c\u1ea3m gi\u00e1c g\u1ea7n g\u0169i v\u1edbi m\u1ecdi ng\u01b0\u1eddi<\/div>\n<\/li>\n<li>\n<div>Doanh nghi\u1ec7p c\u1ee7a b\u1ea1n \u0111ang c\u1ea7n s\u1ea3n ph\u1ea9m qu\u00e0 t\u1eb7ng \u0111\u1ec3 in\/kh\u1eafc logo, th\u00f4ng \u0111i\u1ec7p \u0111\u1ec3 qu\u1ea3ng b\u00e1 th\u01b0\u01a1ng hi\u1ec7u c\u1ee7a m\u00ecnh<\/div>\n<\/li>\n<li>B\u1ea1n \u0111ang t\u00ecm ki\u1ebfm m\u1ed9t \u0111\u1ecba ch\u1ec9 cung c\u1ea5p usb l\u00e0m qu\u00e0 t\u1eb7ng uy t\u00edn, c\u00e1c m\u1eabu usb ch\u1ea5t l\u01b0\u1ee3ng, \u0111\u1ea3m b\u1ea3o ti\u1ebfn \u0111\u1ed9 giao h\u00e0ng, gi\u00e1 c\u1ea3 h\u1ee3p l\u00fd, kh\u00f4ng ph\u00e1t sinh th\u00eam c\u00e1c chi ph\u00ed,\u2026<\/li>\n<\/ul>\n<h3><strong>QU\u00c0 T\u1eb6NG USB G\u1ed6 IN LOGO<\/strong><\/h3>\n<p><strong>H\u01b0ng Vi\u1ec7t Ph\u00e1t<\/strong>\u00a0l\u00e0 \u0111\u01a1n v\u1ecb c\u00f3 nhi\u1ec1u n\u0103m chuy\u00ean s\u1ea3n xu\u1ea5t Usb G\u1ed7 In Logo theo y\u00eau c\u1ea7u, v\u1edbi kinh nghi\u1ec7m c\u1ee7a c\u00f4ng ty ch\u00fang t\u00f4i, ch\u00fang t\u00f4i lu\u00f4n g\u1eedi \u0111\u1ebfn kh\u00e1ch h\u00e0ng gi\u00e1 Usb G\u1ed7 In Logo t\u1ed1t nh\u1ea5t th\u1ecb tr\u01b0\u1eddng hi\u1ec7n nay. C\u00f4ng ty ch\u00fang t\u00f4i lu\u00f4n c\u00f3 nhi\u1ec1u m\u1eabu m\u00e3 Usb G\u1ed7 In Logo \u0111\u1ec3 kh\u00e1ch h\u00e0ng l\u1ef1a ch\u1ecdn, ph\u00f9 h\u1ee3p v\u1edbi t\u1eebng ng\u00e2n s\u00e1ch kh\u00e1c nhau. Ngo\u00e0i ra, c\u00f4ng ty ch\u00fang t\u00f4i c\u00f2n nh\u1eadn thi\u1ebft k\u1ebf 3D v\u00e0 s\u1ea3n xu\u1ea5t \u0111\u1ed9c quy\u1ec1n Usb G\u1ed7 In Logo theo y\u00eau c\u1ea7u kh\u00e1ch h\u00e0ng. \u0110\u1ebfn v\u1edbi c\u00f4ng ty chuy\u00ean s\u1ea3n xu\u1ea5t Usb G\u1ed7 In Logo ch\u00fang t\u00f4i, Qu\u00fd kh\u00e1ch h\u00e0ng lu\u00f4n c\u1ea3m th\u1ea5y an t\u00e2m v\u00e0 tin t\u01b0\u1edfng v\u1ec1 ch\u1ea5t l\u01b0\u1ee3ng c\u1ee7a\u00a0<strong>Usb G\u1ed7 In Logo.<\/strong><\/p>\n","protected":false},"excerpt":{"rendered":"<p>USB g\u1ed7\u00a0l\u00e0 s\u1ef1 t\u1ed5ng h\u1ee3p gi\u00e1 tr\u1ecb truy\u1ec1n th\u1ed1ng v\u00e0 c\u00f4ng ngh\u1ec7 hi\u1ec7n \u0111\u1ea1i mang \u00fd ngh\u0129a th\u00e2n thi\u1ec7n v\u1edbi m\u00f4i tr\u01b0\u1eddng. V\u1ecf tre, g\u1ed7 th\u00e2n thi\u1ec7n v\u1edbi m\u00f4i tr\u01b0\u1eddng c\u00f3 kh\u1ea3 n\u0103ng t\u00e1i ch\u1ebf cao v\u1edbi nhi\u1ec1u ki\u1ec3u d\u00e1ng k\u00edch c\u1ee1 kh\u00e1ch nhau, da d\u1ea1ng phong c\u00e1ch.\u00a0V\u1ecf USB g\u1ed7\u00a0\u0111\u01b0\u1ee3c x\u1eed l\u00fd b\u1eb1ng c\u00f4ng ngh\u1ec7<\/p>\n","protected":false},"featured_media":196,"comment_status":"open","ping_status":"closed","template":"","meta":[],"product_brand":[],"product_cat":[19],"product_tag":[],"class_list":{"0":"post-195","1":"product","2":"type-product","3":"status-publish","4":"has-post-thumbnail","6":"product_cat-usb-qua-tang","8":"first","9":"instock","10":"featured","11":"shipping-taxable","12":"product-type-simple"},"_links":{"self":[{"href":"https:\/\/nhatlonginc.com\/quatang\/index.php\/wp-json\/wp\/v2\/product\/195","targetHints":{"allow":["GET"]}}],"collection":[{"href":"https:\/\/nhatlonginc.com\/quatang\/index.php\/wp-json\/wp\/v2\/product"}],"about":[{"href":"https:\/\/nhatlonginc.com\/quatang\/index.php\/wp-json\/wp\/v2\/types\/product"}],"replies":[{"embeddable":true,"href":"https:\/\/nhatlonginc.com\/quatang\/index.php\/wp-json\/wp\/v2\/comments?post=195"}],"wp:featuredmedia":[{"embeddable":true,"href":"https:\/\/nhatlonginc.com\/quatang\/index.php\/wp-json\/wp\/v2\/media\/196"}],"wp:attachment":[{"href":"https:\/\/nhatlonginc.com\/quatang\/index.php\/wp-json\/wp\/v2\/media?parent=195"}],"wp:term":[{"taxonomy":"product_brand","embeddable":true,"href":"https:\/\/nhatlonginc.com\/quatang\/index.php\/wp-json\/wp\/v2\/product_brand?post=195"},{"taxonomy":"product_cat","embeddable":true,"href":"https:\/\/nhatlonginc.com\/quatang\/index.php\/wp-json\/wp\/v2\/product_cat?post=195"},{"taxonomy":"product_tag","embeddable":true,"href":"https:\/\/nhatlonginc.com\/quatang\/index.php\/wp-json\/wp\/v2\/product_tag?post=195"}],"curies":[{"name":"wp","href":"https:\/\/api.w.org\/{rel}","templated":true}]}}