{"id":197,"date":"2025-11-12T02:22:31","date_gmt":"2025-11-12T02:22:31","guid":{"rendered":"https:\/\/nhatlonginc.com\/quatang\/?post_type=product&#038;p=197"},"modified":"2025-11-12T03:12:40","modified_gmt":"2025-11-12T03:12:40","slug":"usb-kim-loai-ktx-002","status":"publish","type":"product","link":"https:\/\/nhatlonginc.com\/quatang\/index.php\/product\/usb-kim-loai-ktx-002\/","title":{"rendered":"Usb kim lo\u1ea1i \u2013 KTX 002"},"content":{"rendered":"<h3><strong>\u0110\u1eb6C \u0110I\u1ec2M N\u1ed4I B\u1eacT<\/strong><\/h3>\n<p>\u2013 B\u1eb1ng vi\u1ec7c pha ph\u1ed1i v\u1edbi c\u00e1c ch\u1ea5t li\u1ec7u kh\u00e1c, k\u00e8m m\u00e0u s\u1eafc c\u00f3 th\u1ec3 thay \u0111\u1ed5i theo t\u1eebng nhu c\u1ea7u ri\u00eang bi\u1ec7t s\u1ebd ph\u00f9 h\u1ee3p v\u1edbi nhi\u1ec1u chi\u1ebfn d\u1ecbch qu\u1ea3ng c\u00e1o, marketing, branding, qu\u1ea3ng b\u00e1 c\u0169ng nh\u01b0 c\u00e1c nhu c\u1ea7u qu\u00e0 t\u1eb7ng kh\u00e1c.<br \/>\n\u2013\u00a0<strong>B\u1ec1 m\u1eb7t kim lo\u1ea1i:<\/strong>\u00a0Cho ph\u00e9p c\u00e1c b\u1ea3n in \u0111\u01b0\u1ee3c th\u1ec3 hi\u1ec7n m\u1ed9t c\u00e1ch ho\u00e0n to\u00e0n v\u00e0 \u0111\u1ea1t \u0111\u1ebfn \u0111\u1ed9 s\u1eafc s\u1ea3o. C\u00e1c th\u00f4ng \u0111i\u1ec7p ng\u1eafn g\u1ecdn, c\u00f4 \u0111\u1ecdng s\u00fac t\u00edch ph\u1ed1i h\u1ee3p v\u1edbi phong c\u00e1ch hi\u1ec7n \u0111\u1ea1i s\u1ebd t\u1ea1o m\u1ed9t m\u00f3n qu\u00e0 hi\u1ec7n \u0111\u1ea1i, th\u1ec3 hi\u1ec7n s\u1ef1 tr\u1ebb trung v\u00e0 n\u0103ng \u0111\u1ed9ng.<br \/>\n\u2013\u00a0<strong>\u0110\u1ed9 b\u1ec1n:<\/strong>\u00a0kh\u1ea3 n\u0103ng ch\u1ecbu va \u0111\u1eadp cao t\u1ea1o cho c\u00e1c s\u1ea3n ph\u1ea9m\u00a0<strong>USB kim lo\u1ea1i<\/strong>\u00a0m\u1ed9t \u0111\u1ed3 b\u1ec1n xu\u1ea5t s\u1eafc, qua \u0111\u00f3 ng\u01b0\u1eddi s\u1eed d\u1ee5ng kh\u00f4ng ph\u1ea3i lo l\u1eafng trong qu\u00e1 tr\u00ecnh s\u1eed d\u1ee5ng.<br \/>\n\u2013\u00a0<strong>In \u1ea5n:<\/strong>\u00a0Logo, th\u00f4ng \u0111i\u1ec7p, h\u00ecnh \u1ea3nh vector v\u00e0 c\u00f3 th\u1ec3 \u0111a d\u1ea1ng m\u00e0u s\u1eafc.<br \/>\n\u2013\u00a0<strong>K\u00edch th\u01b0\u1edbc:<\/strong>\u00a0Nh\u1ecf g\u1ecdn, c\u00f3 th\u1ec3 xoay, th\u00e1o l\u1eafp t\u1ea1o c\u1ea3m gi\u00e1c ti\u1ec7n l\u1ee3i, di chuy\u1ec3n d\u1ec5 d\u00e0ng, \u00edt b\u1ecb m\u1ea5t v\u00e0 c\u00f3 th\u1ec3 \u0111a nhi\u1ec7m cho nhi\u1ec1u m\u1ee5c \u0111\u00edch kh\u00e1c nhau nh\u01b0: Khui bia; m\u00f3c kh\u00f3a; \u0111\u00e8n pin; c\u00e0i, \u0111\u00ednh, g\u00e0i c\u00f9ng c\u00e1c qu\u00e0 t\u1eb7ng kh\u00e1c<br \/>\n\u2013 T\u1ea5t c\u1ea3 s\u1ea3n ph\u1ea9m<strong>\u00a0qu\u00e0 t\u1eb7ng USB<\/strong>\u00a0\u0111\u1ec1u \u0111\u01b0\u1ee3c s\u1ea3n xu\u1ea5t t\u1eeb c\u00e1c ch\u1ea5t li\u1ec7u th\u00e2n thi\u1ec7n v\u1edbi m\u00f4i tr\u01b0\u1eddng v\u00e0 c\u00f3 kh\u1ea3 n\u0103ng t\u00e1i ch\u1ebf cao<\/p>\n<h3><strong>USB KIM LO\u1ea0I IN KH\u1eaeC LOGO<\/strong><\/h3>\n<p>Kh\u00f4ng ch\u1ec9 l\u00e0 m\u1ed9t chi\u1ebfc usb \u0111\u01a1n gi\u1ea3n \u0111\u1ec3 sao ch\u00e9p d\u1eef li\u1ec7u, n\u00f3 c\u00f2n l\u00e0 m\u1ed9t ph\u01b0\u01a1ng ti\u1ec7n \u0111\u1ec3 qu\u1ea3ng c\u00e1o th\u01b0\u01a1ng hi\u1ec7u cho doanh nghi\u1ec7p c\u1ee7a b\u1ea1n. T\u1ea5t c\u1ea3 s\u1ea3n ph\u1ea9m\u00a0Qu\u00e0 t\u1eb7ng USB\u00a0c\u1ee7a ch\u00fang t\u00f4i \u0111\u1ec1u c\u00f3 th\u1ec3\u00a0<strong>in v\u00e0 kh\u1eafc logo<\/strong>, slogan, h\u00ecnh \u1ea3nh, hoa v\u0103n t\u00f9y bi\u1ebfn theo y\u00eau c\u1ea7u \u0111\u1ec3 qua \u0111\u00f3 qu\u00fd kh\u00e1ch c\u00f3 th\u1ec3 t\u00f4n vinh th\u01b0\u01a1ng hi\u1ec7u c\u1ee7a t\u1ed5 ch\u1ee9c, qu\u1ea3ng b\u00e1, qu\u1ea3ng c\u00e1o hay truy\u1ec1n m\u1ed9t th\u00f4ng \u0111i\u1ec7p quan tr\u1ecdng \u0111\u1ebfn v\u1edbi kh\u00e1ch h\u00e0ng ti\u1ec1m n\u0103ng c\u1ee7a doanh nghi\u1ec7p trong c\u00e1c ch\u01b0\u01a1ng tr\u00ecnh quan tr\u1ecdng c\u1ee7a c\u00f4ng ty.<\/p>\n","protected":false},"excerpt":{"rendered":"<p>\u0110\u1eb6C \u0110I\u1ec2M N\u1ed4I B\u1eacT \u2013 B\u1eb1ng vi\u1ec7c pha ph\u1ed1i v\u1edbi c\u00e1c ch\u1ea5t li\u1ec7u kh\u00e1c, k\u00e8m m\u00e0u s\u1eafc c\u00f3 th\u1ec3 thay \u0111\u1ed5i theo t\u1eebng nhu c\u1ea7u ri\u00eang bi\u1ec7t s\u1ebd ph\u00f9 h\u1ee3p v\u1edbi nhi\u1ec1u chi\u1ebfn d\u1ecbch qu\u1ea3ng c\u00e1o, marketing, branding, qu\u1ea3ng b\u00e1 c\u0169ng nh\u01b0 c\u00e1c nhu c\u1ea7u qu\u00e0 t\u1eb7ng kh\u00e1c. \u2013\u00a0B\u1ec1 m\u1eb7t kim lo\u1ea1i:\u00a0Cho ph\u00e9p c\u00e1c b\u1ea3n<\/p>\n","protected":false},"featured_media":198,"comment_status":"open","ping_status":"closed","template":"","meta":[],"product_brand":[],"product_cat":[19],"product_tag":[],"class_list":{"0":"post-197","1":"product","2":"type-product","3":"status-publish","4":"has-post-thumbnail","6":"product_cat-usb-qua-tang","8":"first","9":"instock","10":"featured","11":"shipping-taxable","12":"product-type-simple"},"_links":{"self":[{"href":"https:\/\/nhatlonginc.com\/quatang\/index.php\/wp-json\/wp\/v2\/product\/197","targetHints":{"allow":["GET"]}}],"collection":[{"href":"https:\/\/nhatlonginc.com\/quatang\/index.php\/wp-json\/wp\/v2\/product"}],"about":[{"href":"https:\/\/nhatlonginc.com\/quatang\/index.php\/wp-json\/wp\/v2\/types\/product"}],"replies":[{"embeddable":true,"href":"https:\/\/nhatlonginc.com\/quatang\/index.php\/wp-json\/wp\/v2\/comments?post=197"}],"wp:featuredmedia":[{"embeddable":true,"href":"https:\/\/nhatlonginc.com\/quatang\/index.php\/wp-json\/wp\/v2\/media\/198"}],"wp:attachment":[{"href":"https:\/\/nhatlonginc.com\/quatang\/index.php\/wp-json\/wp\/v2\/media?parent=197"}],"wp:term":[{"taxonomy":"product_brand","embeddable":true,"href":"https:\/\/nhatlonginc.com\/quatang\/index.php\/wp-json\/wp\/v2\/product_brand?post=197"},{"taxonomy":"product_cat","embeddable":true,"href":"https:\/\/nhatlonginc.com\/quatang\/index.php\/wp-json\/wp\/v2\/product_cat?post=197"},{"taxonomy":"product_tag","embeddable":true,"href":"https:\/\/nhatlonginc.com\/quatang\/index.php\/wp-json\/wp\/v2\/product_tag?post=197"}],"curies":[{"name":"wp","href":"https:\/\/api.w.org\/{rel}","templated":true}]}}